{"id":2711,"date":"2019-04-04T14:48:24","date_gmt":"2019-04-04T12:48:24","guid":{"rendered":"https:\/\/old.biscottiloison.com\/produzione\/"},"modified":"2022-05-12T16:19:02","modified_gmt":"2022-05-12T14:19:02","slug":"la-fabrique-des-biscuits","status":"publish","type":"page","link":"https:\/\/old.biscottiloison.com\/fr\/la-fabrique-des-biscuits\/","title":{"rendered":"La fabrique des biscuits"},"content":{"rendered":"<p>[vc_row equal_height=\u00a0\u00bbyes\u00a0\u00bb content_placement=\u00a0\u00bbmiddle\u00a0\u00bb][vc_column css_animation=\u00a0\u00bbfadeInUp\u00a0\u00bb width=\u00a0\u00bb5\/12&Prime;][vc_column_text]<\/p>\n<h1>La fabrique des biscuits<\/h1>\n<h5>DE L&rsquo;ATELIER ARTISANAL \u00c0 L&rsquo;INDUSTRIE<\/h5>\n<p>\u00c0 partir de la premi\u00e8re moiti\u00e9 du dix-neuvi\u00e8me si\u00e8cle, la production industrielle s&rsquo;ajouta \u00e0 la production artisanale. Les premi\u00e8res biscuiteries apparurent en Grande-Bretagne et leur production commen\u00e7a \u00e0 \u00eatre export\u00e9e en 1850. Entretemps de nombreuses biscuiteries \u00e9taient n\u00e9es en France, en Italie et en Hollande. Les techniques de fabrication et les machines utilis\u00e9es ont chang\u00e9 au fil des ans mais le processus est rest\u00e9 pratiquement le m\u00eame.[\/vc_column_text][\/vc_column][vc_column css_animation=\u00a0\u00bbfadeInUp\u00a0\u00bb width=\u00a0\u00bb2\/12&Prime; el_class=\u00a0\u00bbromano1&Prime; css=\u00a0\u00bb.vc_custom_1554409711088{background-image: url(https:\/\/old.biscottiloison.com\/wp-content\/uploads\/2019\/04\/I.png?id=1806) !important;background-position: center !important;background-repeat: no-repeat !important;background-size: contain !important;}\u00a0\u00bb][vc_column_text]<\/p>\n<p style=\"text-align: center;\">Les malaxeurs travaillent les ingr\u00e9dients choisis pour cr\u00e9er une p\u00e2te homog\u00e8ne, lisse et compacte, facile \u00e0 travailler.<\/p>\n<p>[\/vc_column_text][\/vc_column][vc_column css_animation=\u00a0\u00bbappear\u00a0\u00bb width=\u00a0\u00bb5\/12&Prime;][vc_single_image image=\u00a0\u00bb1781&Prime; img_size=\u00a0\u00bbfull\u00a0\u00bb alignment=\u00a0\u00bbcenter\u00a0\u00bb el_class=\u00a0\u00bbproduzione1 svg375&Prime;][\/vc_column][\/vc_row][vc_row equal_height=\u00a0\u00bbyes\u00a0\u00bb content_placement=\u00a0\u00bbmiddle\u00a0\u00bb][vc_column css_animation=\u00a0\u00bbappear\u00a0\u00bb width=\u00a0\u00bb7\/12&Prime;][vc_single_image image=\u00a0\u00bb1802&Prime; img_size=\u00a0\u00bbfull\u00a0\u00bb alignment=\u00a0\u00bbcenter\u00a0\u00bb el_class=\u00a0\u00bbproduzione2 svg375&Prime;][\/vc_column][vc_column css_animation=\u00a0\u00bbfadeInUp\u00a0\u00bb width=\u00a0\u00bb1\/12&Prime; css=\u00a0\u00bb.vc_custom_1554412296165{background-position: center !important;background-repeat: no-repeat !important;background-size: contain !important;}\u00a0\u00bb el_class=\u00a0\u00bbvuoto\u00a0\u00bb][\/vc_column][vc_column css_animation=\u00a0\u00bbappear\u00a0\u00bb width=\u00a0\u00bb2\/12&Prime; el_class=\u00a0\u00bbromano2&Prime; css=\u00a0\u00bb.vc_custom_1554410801069{background-image: url(https:\/\/old.biscottiloison.com\/wp-content\/uploads\/2019\/04\/II.png?id=1812) !important;background-position: center !important;background-repeat: no-repeat !important;background-size: contain !important;}\u00a0\u00bb][vc_column_text]<\/p>\n<p style=\"text-align: center;\">Une fois pr\u00eate, la p\u00e2te est vers\u00e9e sur des laminoirs qui l&rsquo;\u00e9tirent pour l\u2019amincir.<\/p>\n<p>[\/vc_column_text][\/vc_column][vc_column width=\u00a0\u00bb2\/12&Prime; el_class=\u00a0\u00bbvuoto\u00a0\u00bb][\/vc_column][\/vc_row][vc_row equal_height=\u00a0\u00bbyes\u00a0\u00bb content_placement=\u00a0\u00bbmiddle\u00a0\u00bb][vc_column css_animation=\u00a0\u00bbappear\u00a0\u00bb width=\u00a0\u00bb2\/12&Prime; el_class=\u00a0\u00bbvuoto\u00a0\u00bb][\/vc_column][vc_column css_animation=\u00a0\u00bbfadeInUp\u00a0\u00bb width=\u00a0\u00bb2\/12&Prime; el_class=\u00a0\u00bbromano3&Prime; css=\u00a0\u00bb.vc_custom_1554410591540{background-image: url(https:\/\/old.biscottiloison.com\/wp-content\/uploads\/2019\/04\/III.png?id=1815) !important;background-position: center !important;background-repeat: no-repeat !important;background-size: contain !important;}\u00a0\u00bb][vc_column_text]<\/p>\n<p style=\"text-align: center;\">\u00c0 partir de ce moment-l\u00e0, la p\u00e2te circule sur une bande continue.<\/p>\n<p>[\/vc_column_text][\/vc_column][vc_column width=\u00a0\u00bb1\/12&Prime;][\/vc_column][vc_column css_animation=\u00a0\u00bbappear\u00a0\u00bb width=\u00a0\u00bb7\/12&Prime;][vc_single_image image=\u00a0\u00bb1784&Prime; img_size=\u00a0\u00bbfull\u00a0\u00bb alignment=\u00a0\u00bbcenter\u00a0\u00bb el_class=\u00a0\u00bbproduzione3 svg375&Prime;][\/vc_column][\/vc_row][vc_row equal_height=\u00a0\u00bbyes\u00a0\u00bb content_placement=\u00a0\u00bbmiddle\u00a0\u00bb][vc_column css_animation=\u00a0\u00bbappear\u00a0\u00bb width=\u00a0\u00bb8\/12&Prime;][vc_single_image image=\u00a0\u00bb1787&Prime; img_size=\u00a0\u00bbfull\u00a0\u00bb alignment=\u00a0\u00bbcenter\u00a0\u00bb el_class=\u00a0\u00bbproduzione4 svg375&Prime;][\/vc_column][vc_column css_animation=\u00a0\u00bbfadeInUp\u00a0\u00bb width=\u00a0\u00bb2\/12&Prime; el_class=\u00a0\u00bbromano4&Prime; css=\u00a0\u00bb.vc_custom_1554410603915{background-image: url(https:\/\/old.biscottiloison.com\/wp-content\/uploads\/2019\/04\/IV.png?id=1827) !important;background-position: center !important;background-repeat: no-repeat !important;background-size: contain !important;}\u00a0\u00bb][vc_column_text]<\/p>\n<p style=\"text-align: center;\">Les laminoirs d\u00e9coupent la p\u00e2te et en \u00e9liminent les rognures.<\/p>\n<p>[\/vc_column_text][\/vc_column][vc_column css_animation=\u00a0\u00bbappear\u00a0\u00bb width=\u00a0\u00bb2\/12&Prime; el_class=\u00a0\u00bbvuoto\u00a0\u00bb][\/vc_column][\/vc_row][vc_row equal_height=\u00a0\u00bbyes\u00a0\u00bb content_placement=\u00a0\u00bbmiddle\u00a0\u00bb][vc_column css_animation=\u00a0\u00bbappear\u00a0\u00bb width=\u00a0\u00bb4\/12&Prime;][vc_single_image image=\u00a0\u00bb1790&Prime; img_size=\u00a0\u00bbfull\u00a0\u00bb alignment=\u00a0\u00bbcenter\u00a0\u00bb el_class=\u00a0\u00bbproduzione5 svg375&Prime;][\/vc_column][vc_column css_animation=\u00a0\u00bbfadeInUp\u00a0\u00bb width=\u00a0\u00bb2\/12&Prime; el_class=\u00a0\u00bbromano5&Prime; css=\u00a0\u00bb.vc_custom_1554410620649{background-image: url(https:\/\/old.biscottiloison.com\/wp-content\/uploads\/2019\/04\/V.png?id=1818) !important;background-position: center !important;background-repeat: no-repeat !important;background-size: contain !important;}\u00a0\u00bb][vc_column_text]<\/p>\n<p style=\"text-align: center;\">Les biscuits sont pr\u00eats \u00e0 \u00eatre enfourn\u00e9s \u00e0 une temp\u00e9rature qui varie jusqu&rsquo;\u00e0 180\u00b0C.<\/p>\n<p>[\/vc_column_text][\/vc_column][vc_column css_animation=\u00a0\u00bbappear\u00a0\u00bb width=\u00a0\u00bb6\/12&Prime;][vc_single_image image=\u00a0\u00bb1793&Prime; img_size=\u00a0\u00bbfull\u00a0\u00bb alignment=\u00a0\u00bbcenter\u00a0\u00bb el_class=\u00a0\u00bbproduzione5 svg375&Prime;][\/vc_column][\/vc_row][vc_row equal_height=\u00a0\u00bbyes\u00a0\u00bb content_placement=\u00a0\u00bbmiddle\u00a0\u00bb][vc_column css_animation=\u00a0\u00bbappear\u00a0\u00bb width=\u00a0\u00bb8\/12&Prime;][vc_single_image image=\u00a0\u00bb1796&Prime; img_size=\u00a0\u00bbfull\u00a0\u00bb alignment=\u00a0\u00bbcenter\u00a0\u00bb el_class=\u00a0\u00bbproduzione7 svg375&Prime;][\/vc_column][vc_column css_animation=\u00a0\u00bbfadeInUp\u00a0\u00bb width=\u00a0\u00bb2\/12&Prime; el_class=\u00a0\u00bbromano6&Prime; css=\u00a0\u00bb.vc_custom_1554410632362{background-image: url(https:\/\/old.biscottiloison.com\/wp-content\/uploads\/2019\/04\/VI.png?id=1821) !important;background-position: center !important;background-repeat: no-repeat !important;background-size: contain !important;}\u00a0\u00bb][vc_column_text]<\/p>\n<p style=\"text-align: center;\">Une fois d\u00e9fourn\u00e9s, les biscuits sont soumis \u00e0 un soigneux contr\u00f4le visuel et manuel de la qualit\u00e9 par nos op\u00e9rateurs.<\/p>\n<p>[\/vc_column_text][\/vc_column][vc_column css_animation=\u00a0\u00bbappear\u00a0\u00bb width=\u00a0\u00bb2\/12&Prime; el_class=\u00a0\u00bbvuoto\u00a0\u00bb][\/vc_column][\/vc_row][vc_row equal_height=\u00a0\u00bbyes\u00a0\u00bb content_placement=\u00a0\u00bbmiddle\u00a0\u00bb][vc_column css_animation=\u00a0\u00bbappear\u00a0\u00bb width=\u00a0\u00bb1\/12&Prime; el_class=\u00a0\u00bbvuoto\u00a0\u00bb][\/vc_column][vc_column css_animation=\u00a0\u00bbfadeInUp\u00a0\u00bb width=\u00a0\u00bb3\/12&Prime; el_class=\u00a0\u00bbromano7&Prime; css=\u00a0\u00bb.vc_custom_1554410542772{background-image: url(https:\/\/old.biscottiloison.com\/wp-content\/uploads\/2019\/04\/VII.png?id=1824) !important;background-position: center !important;background-repeat: no-repeat !important;background-size: contain !important;}\u00a0\u00bb][vc_column_text]<\/p>\n<p style=\"text-align: center;\">Les biscuits qui passent le contr\u00f4le avec succ\u00e8s sont emball\u00e9s et rang\u00e9s dans les cartons pour le transport.<\/p>\n<p>[\/vc_column_text][\/vc_column][vc_column width=\u00a0\u00bb1\/12&Prime;][\/vc_column][vc_column css_animation=\u00a0\u00bbappear\u00a0\u00bb width=\u00a0\u00bb7\/12&Prime;][vc_single_image image=\u00a0\u00bb1799&Prime; img_size=\u00a0\u00bbfull\u00a0\u00bb alignment=\u00a0\u00bbcenter\u00a0\u00bb el_class=\u00a0\u00bbproduzione8 svg375&Prime;][\/vc_column][\/vc_row]<\/p>\n","protected":false},"excerpt":{"rendered":"<p>[vc_row equal_height=\u00a0\u00bbyes\u00a0\u00bb content_placement=\u00a0\u00bbmiddle\u00a0\u00bb][vc_column css_animation=\u00a0\u00bbfadeInUp\u00a0\u00bb width=\u00a0\u00bb5\/12&Prime;][vc_column_text] La fabrique des biscuits DE L&rsquo;ATELIER ARTISANAL \u00c0 L&rsquo;INDUSTRIE \u00c0 partir de la premi\u00e8re moiti\u00e9 du dix-neuvi\u00e8me si\u00e8cle, la production industrielle s&rsquo;ajouta \u00e0 la production artisanale. Les premi\u00e8res biscuiteries apparurent en Grande-Bretagne et leur production commen\u00e7a \u00e0 \u00eatre export\u00e9e en 1850. Entretemps de nombreuses biscuiteries \u00e9taient n\u00e9es en France, en [&hellip;]<\/p>\n","protected":false},"author":2,"featured_media":0,"parent":0,"menu_order":0,"comment_status":"closed","ping_status":"closed","template":"","meta":{"inline_featured_image":false,"footnotes":""},"class_list":["post-2711","page","type-page","status-publish","hentry","entry"],"acf":[],"yoast_head":"<!-- This site is optimized with the Yoast SEO plugin v20.10 - https:\/\/yoast.com\/wordpress\/plugins\/seo\/ -->\n<title>La fabrique des biscuits - Biscotti Loison<\/title>\n<meta name=\"description\" content=\"Les techniques de fabrication et les machines utilis\u00e9es ont chang\u00e9 au fil des ans mais le processus est rest\u00e9 pratiquement le m\u00eame.\" \/>\n<meta name=\"robots\" content=\"noindex, follow, max-snippet:-1, max-image-preview:large, max-video-preview:-1\" \/>\n<meta property=\"og:locale\" content=\"fr_FR\" \/>\n<meta property=\"og:type\" content=\"article\" \/>\n<meta property=\"og:title\" content=\"La fabrique des biscuits - Biscotti Loison\" \/>\n<meta property=\"og:description\" content=\"Les techniques de fabrication et les machines utilis\u00e9es ont chang\u00e9 au fil des ans mais le processus est rest\u00e9 pratiquement le m\u00eame.\" \/>\n<meta property=\"og:url\" content=\"https:\/\/biscottiloison.com\/fr\/la-fabrique-des-biscuits\/\" \/>\n<meta property=\"og:site_name\" content=\"Biscotti Loison\" \/>\n<meta property=\"article:modified_time\" content=\"2022-05-12T14:19:02+00:00\" \/>\n<meta name=\"twitter:card\" content=\"summary_large_image\" \/>\n<meta name=\"twitter:label1\" content=\"Dur\u00e9e de lecture estim\u00e9e\" \/>\n\t<meta name=\"twitter:data1\" content=\"2 minutes\" \/>\n<script type=\"application\/ld+json\" class=\"yoast-schema-graph\">{\"@context\":\"https:\/\/schema.org\",\"@graph\":[{\"@type\":\"WebPage\",\"@id\":\"https:\/\/biscottiloison.com\/fr\/la-fabrique-des-biscuits\/\",\"url\":\"https:\/\/biscottiloison.com\/fr\/la-fabrique-des-biscuits\/\",\"name\":\"La fabrique des biscuits - Biscotti Loison\",\"isPartOf\":{\"@id\":\"https:\/\/old.biscottiloison.com\/#website\"},\"datePublished\":\"2019-04-04T12:48:24+00:00\",\"dateModified\":\"2022-05-12T14:19:02+00:00\",\"description\":\"Les techniques de fabrication et les machines utilis\u00e9es ont chang\u00e9 au fil des ans mais le processus est rest\u00e9 pratiquement le m\u00eame.\",\"breadcrumb\":{\"@id\":\"https:\/\/biscottiloison.com\/fr\/la-fabrique-des-biscuits\/#breadcrumb\"},\"inLanguage\":\"fr-FR\",\"potentialAction\":[{\"@type\":\"ReadAction\",\"target\":[\"https:\/\/biscottiloison.com\/fr\/la-fabrique-des-biscuits\/\"]}]},{\"@type\":\"BreadcrumbList\",\"@id\":\"https:\/\/biscottiloison.com\/fr\/la-fabrique-des-biscuits\/#breadcrumb\",\"itemListElement\":[{\"@type\":\"ListItem\",\"position\":1,\"name\":\"Home\",\"item\":\"https:\/\/biscottiloison.com\/fr\/\"},{\"@type\":\"ListItem\",\"position\":2,\"name\":\"La fabrique des biscuits\"}]},{\"@type\":\"WebSite\",\"@id\":\"https:\/\/old.biscottiloison.com\/#website\",\"url\":\"https:\/\/old.biscottiloison.com\/\",\"name\":\"Biscotti Loison\",\"description\":\"\",\"potentialAction\":[{\"@type\":\"SearchAction\",\"target\":{\"@type\":\"EntryPoint\",\"urlTemplate\":\"https:\/\/old.biscottiloison.com\/?s={search_term_string}\"},\"query-input\":\"required name=search_term_string\"}],\"inLanguage\":\"fr-FR\"}]}<\/script>\n<!-- \/ Yoast SEO plugin. -->","yoast_head_json":{"title":"La fabrique des biscuits - Biscotti Loison","description":"Les techniques de fabrication et les machines utilis\u00e9es ont chang\u00e9 au fil des ans mais le processus est rest\u00e9 pratiquement le m\u00eame.","robots":{"index":"noindex","follow":"follow","max-snippet":"max-snippet:-1","max-image-preview":"max-image-preview:large","max-video-preview":"max-video-preview:-1"},"og_locale":"fr_FR","og_type":"article","og_title":"La fabrique des biscuits - Biscotti Loison","og_description":"Les techniques de fabrication et les machines utilis\u00e9es ont chang\u00e9 au fil des ans mais le processus est rest\u00e9 pratiquement le m\u00eame.","og_url":"https:\/\/biscottiloison.com\/fr\/la-fabrique-des-biscuits\/","og_site_name":"Biscotti Loison","article_modified_time":"2022-05-12T14:19:02+00:00","twitter_card":"summary_large_image","twitter_misc":{"Dur\u00e9e de lecture estim\u00e9e":"2 minutes"},"schema":{"@context":"https:\/\/schema.org","@graph":[{"@type":"WebPage","@id":"https:\/\/biscottiloison.com\/fr\/la-fabrique-des-biscuits\/","url":"https:\/\/biscottiloison.com\/fr\/la-fabrique-des-biscuits\/","name":"La fabrique des biscuits - Biscotti Loison","isPartOf":{"@id":"https:\/\/old.biscottiloison.com\/#website"},"datePublished":"2019-04-04T12:48:24+00:00","dateModified":"2022-05-12T14:19:02+00:00","description":"Les techniques de fabrication et les machines utilis\u00e9es ont chang\u00e9 au fil des ans mais le processus est rest\u00e9 pratiquement le m\u00eame.","breadcrumb":{"@id":"https:\/\/biscottiloison.com\/fr\/la-fabrique-des-biscuits\/#breadcrumb"},"inLanguage":"fr-FR","potentialAction":[{"@type":"ReadAction","target":["https:\/\/biscottiloison.com\/fr\/la-fabrique-des-biscuits\/"]}]},{"@type":"BreadcrumbList","@id":"https:\/\/biscottiloison.com\/fr\/la-fabrique-des-biscuits\/#breadcrumb","itemListElement":[{"@type":"ListItem","position":1,"name":"Home","item":"https:\/\/biscottiloison.com\/fr\/"},{"@type":"ListItem","position":2,"name":"La fabrique des biscuits"}]},{"@type":"WebSite","@id":"https:\/\/old.biscottiloison.com\/#website","url":"https:\/\/old.biscottiloison.com\/","name":"Biscotti Loison","description":"","potentialAction":[{"@type":"SearchAction","target":{"@type":"EntryPoint","urlTemplate":"https:\/\/old.biscottiloison.com\/?s={search_term_string}"},"query-input":"required name=search_term_string"}],"inLanguage":"fr-FR"}]}},"_links":{"self":[{"href":"https:\/\/old.biscottiloison.com\/fr\/wp-json\/wp\/v2\/pages\/2711","targetHints":{"allow":["GET"]}}],"collection":[{"href":"https:\/\/old.biscottiloison.com\/fr\/wp-json\/wp\/v2\/pages"}],"about":[{"href":"https:\/\/old.biscottiloison.com\/fr\/wp-json\/wp\/v2\/types\/page"}],"author":[{"embeddable":true,"href":"https:\/\/old.biscottiloison.com\/fr\/wp-json\/wp\/v2\/users\/2"}],"replies":[{"embeddable":true,"href":"https:\/\/old.biscottiloison.com\/fr\/wp-json\/wp\/v2\/comments?post=2711"}],"version-history":[{"count":0,"href":"https:\/\/old.biscottiloison.com\/fr\/wp-json\/wp\/v2\/pages\/2711\/revisions"}],"wp:attachment":[{"href":"https:\/\/old.biscottiloison.com\/fr\/wp-json\/wp\/v2\/media?parent=2711"}],"curies":[{"name":"wp","href":"https:\/\/api.w.org\/{rel}","templated":true}]}}