{"id":2723,"date":"2019-03-24T11:44:05","date_gmt":"2019-03-24T10:44:05","guid":{"rendered":"https:\/\/old.biscottiloison.com\/biscotti-monoporzione-professionisti\/"},"modified":"2023-07-11T17:39:48","modified_gmt":"2023-07-11T15:39:48","slug":"biscuits-en-sachet-individuel-pour-milieux-professionnels","status":"publish","type":"page","link":"https:\/\/old.biscottiloison.com\/fr\/biscuits-en-sachet-individuel-pour-milieux-professionnels\/","title":{"rendered":"Services"},"content":{"rendered":"<p>[vc_row full_height=\u00a0\u00bbyes\u00a0\u00bb equal_height=\u00a0\u00bbyes\u00a0\u00bb content_placement=\u00a0\u00bbmiddle\u00a0\u00bb][vc_column width=\u00a0\u00bb1\/2&Prime;][vc_single_image image=\u00a0\u00bb892&Prime; img_size=\u00a0\u00bbfull\u00a0\u00bb css_animation=\u00a0\u00bbappear\u00a0\u00bb el_class=\u00a0\u00bbservizi-main-image\u00a0\u00bb][\/vc_column][vc_column width=\u00a0\u00bb1\/12&Prime; el_class=\u00a0\u00bbvuoto\u00a0\u00bb][\/vc_column][vc_column width=\u00a0\u00bb5\/12&Prime;][vc_column_text css_animation=\u00a0\u00bbfadeInUp\u00a0\u00bb]<\/p>\n<h6>SERVICES<\/h6>\n<h1>Surprenez vos clients<\/h1>\n<h5>OFFREZ UN MOMENT DE PLAISIR<\/h5>\n<p>Les petits g\u00e2teaux au beurre Loison sont une attention suppl\u00e9mentaire pour le client, parfaits dans tous les milieux professionnels. Banques, cabinets juridiques, assurances mais aussi centres de bien\u00eatre, SPA et coiffeurs. Les biscuits en sachet individuel sont une gentille attention qui laissera un bon souvenir de vous. Dispos\u00e9s dans des boites pr\u00e9sentoirs pratiques, ils sont une tentation \u00e0 laquelle il est difficile de r\u00e9sister.<\/p>\n<p>[\/vc_column_text][\/vc_column][\/vc_row][vc_row][vc_column el_class=\u00a0\u00bbprofessionisti-col\u00a0\u00bb][vc_column_text css_animation=\u00a0\u00bbfadeInUp\u00a0\u00bb el_class=\u00a0\u00bbprofessionisti\u00a0\u00bb]<\/p>\n<h6>PROFESSIONNELS<\/h6>\n<p>[\/vc_column_text][\/vc_column][\/vc_row][vc_row equal_height=\u00a0\u00bbyes\u00a0\u00bb content_placement=\u00a0\u00bbmiddle\u00a0\u00bb][vc_column width=\u00a0\u00bb5\/12&Prime;][vc_column_text css_animation=\u00a0\u00bbfadeInUp\u00a0\u00bb]<\/p>\n<h2>De petites attentions savoureuses<\/h2>\n<p>Pour un professionnel, le s\u00e9rieux et la cordialit\u00e9 sont des caract\u00e9ristiques indispensables. Les biscuits en sachet individuel Loison apportent une touche de classe aux relations avec la client\u00e8le. 12 saveurs \u00e0 offrir \u00e0 vos clients pour les remercier de la confiance qu&rsquo;ils vous accordent: \u00abayez du gout dans votre travail!\u00bb.[\/vc_column_text][\/vc_column][vc_column width=\u00a0\u00bb7\/12&Prime;][vc_single_image image=\u00a0\u00bb901&Prime; img_size=\u00a0\u00bbfull\u00a0\u00bb css_animation=\u00a0\u00bbfadeInRight\u00a0\u00bb el_class=\u00a0\u00bbimg-servizi-right bordo4&Prime;][\/vc_column][\/vc_row][vc_row][vc_column width=\u00a0\u00bb5\/12&Prime;][vc_single_image image=\u00a0\u00bb895&Prime; img_size=\u00a0\u00bbfull\u00a0\u00bb alignment=\u00a0\u00bbcenter\u00a0\u00bb css_animation=\u00a0\u00bbappear\u00a0\u00bb el_class=\u00a0\u00bbbilancia su-200&Prime;][\/vc_column][vc_column width=\u00a0\u00bb7\/12&Prime;][vc_single_image image=\u00a0\u00bb912&Prime; img_size=\u00a0\u00bbfull\u00a0\u00bb css_animation=\u00a0\u00bbappear\u00a0\u00bb el_class=\u00a0\u00bbbiscottino-servizi sinistra-100 su-200&Prime;][\/vc_column][\/vc_row][vc_row][vc_column width=\u00a0\u00bb1\/4&Prime;][\/vc_column][vc_column width=\u00a0\u00bb3\/4&Prime; el_class=\u00a0\u00bbcentri-estetici-col\u00a0\u00bb][vc_column_text css_animation=\u00a0\u00bbfadeInUp\u00a0\u00bb el_class=\u00a0\u00bbcentri-estetici\u00a0\u00bb]<\/p>\n<h6 style=\"text-align: left;\">CENTRES D&rsquo;ESTH\u00c9TIQUE<br \/>\nET DE SPA<\/h6>\n<p>[\/vc_column_text][\/vc_column][\/vc_row][vc_row equal_height=\u00a0\u00bbyes\u00a0\u00bb content_placement=\u00a0\u00bbmiddle\u00a0\u00bb][vc_column width=\u00a0\u00bb1\/2&Prime;][vc_single_image image=\u00a0\u00bb915&Prime; img_size=\u00a0\u00bbfull\u00a0\u00bb css_animation=\u00a0\u00bbfadeInLeft\u00a0\u00bb el_class=\u00a0\u00bbimg-servizi-left bordo4&Prime;][\/vc_column][vc_column width=\u00a0\u00bb1\/12&Prime;][\/vc_column][vc_column width=\u00a0\u00bb5\/12&Prime;][vc_row_inner][vc_column_inner][vc_column_text css_animation=\u00a0\u00bbfadeInUp\u00a0\u00bb]<\/p>\n<h4 style=\"text-align: left;\">Le \u00ab doux \u00bb bien\u00eatre<\/h4>\n<p>Atmosph\u00e8res d\u00e9tendues et d\u00e9lices culinaires, les centres d&rsquo;esth\u00e9tique et les SPA sont des endroits d\u00e9di\u00e9s au bien\u00eatre du corps, de l&rsquo;esprit et de l&rsquo;\u00e2me. La biscuiterie au beurre Loison est parfaite pour ceux qui d\u00e9sirent s&rsquo;octroyer d&rsquo;intenses moments de plaisir : une exp\u00e9rience de bien\u00eatre \u00e0 360\u00b0.[\/vc_column_text][\/vc_column_inner][\/vc_row_inner][\/vc_column][\/vc_row][vc_row el_class=\u00a0\u00bbno-mobile\u00a0\u00bb][vc_column width=\u00a0\u00bb1\/2&Prime;][vc_single_image image=\u00a0\u00bb921&Prime; img_size=\u00a0\u00bbfull\u00a0\u00bb alignment=\u00a0\u00bbcenter\u00a0\u00bb css_animation=\u00a0\u00bbappear\u00a0\u00bb el_class=\u00a0\u00bbbiscotti-spa su-200&Prime;][\/vc_column][vc_column width=\u00a0\u00bb1\/2&Prime;][vc_single_image image=\u00a0\u00bb918&Prime; img_size=\u00a0\u00bbfull\u00a0\u00bb alignment=\u00a0\u00bbcenter\u00a0\u00bb css_animation=\u00a0\u00bbfadeInRight\u00a0\u00bb el_class=\u00a0\u00bbspa su-200&Prime;][\/vc_column][\/vc_row][vc_row][vc_column el_class=\u00a0\u00bbparrucchiere-col\u00a0\u00bb][vc_column_text css_animation=\u00a0\u00bbfadeInUp\u00a0\u00bb el_class=\u00a0\u00bbparrucchiere\u00a0\u00bb]<\/p>\n<h6>COIFFEUR<\/h6>\n<p>[\/vc_column_text][\/vc_column][\/vc_row][vc_row equal_height=\u00a0\u00bbyes\u00a0\u00bb content_placement=\u00a0\u00bbmiddle\u00a0\u00bb][vc_column width=\u00a0\u00bb5\/12&Prime;][vc_column_text css_animation=\u00a0\u00bbfadeInUp\u00a0\u00bb]<\/p>\n<h4>En bavardant<\/h4>\n<p>Finis les simples salons de coiffure, ce sont maintenant des espaces de design o\u00f9 la beaut\u00e9 est interpr\u00e9t\u00e9e et personnalis\u00e9e pour chaque client. L&rsquo;art de la coiffure rencontre l&rsquo;art culinaire: les biscuits en sachet individuel Loison sont de petits d\u00e9lices qui adoucissent l&rsquo;attente.[\/vc_column_text][\/vc_column][vc_column width=\u00a0\u00bb7\/12&Prime;][vc_single_image image=\u00a0\u00bb933&Prime; img_size=\u00a0\u00bbfull\u00a0\u00bb css_animation=\u00a0\u00bbfadeInRight\u00a0\u00bb el_class=\u00a0\u00bbimg-servizi-right2 bordo4&Prime;][\/vc_column][\/vc_row][vc_row][vc_column][vc_column_text css_animation=\u00a0\u00bbfadeInUp\u00a0\u00bb el_class=\u00a0\u00bbpackaging-ufficio\u00a0\u00bb]<\/p>\n<h6 style=\"text-align: left;\">PACKAGING<\/h6>\n<p>[\/vc_column_text][\/vc_column][\/vc_row][vc_row][vc_column width=\u00a0\u00bb1\/3&Prime;][vc_column_text css_animation=\u00a0\u00bbfadeInUp\u00a0\u00bb]<\/p>\n<h3>Conseils pour votre entreprise<\/h3>\n<p>Des ballotins et des pr\u00e9sentoirs pour offrir un petit cadeau \u00e0 vos clients.[\/vc_column_text][\/vc_column][vc_column width=\u00a0\u00bb1\/3&Prime;][vc_single_image image=\u00a0\u00bb971&Prime; img_size=\u00a0\u00bbfull\u00a0\u00bb alignment=\u00a0\u00bbcenter\u00a0\u00bb css_animation=\u00a0\u00bbappear\u00a0\u00bb el_class=\u00a0\u00bbastuccio-ufficio\u00a0\u00bb][vc_column_text css_animation=\u00a0\u00bbfadeInUp\u00a0\u00bb]<\/p>\n<p style=\"text-align: center; font-size: 30px;\">Les Ballotins<\/p>\n<p style=\"text-align: center;\">Ballotins de 200 g<\/p>\n<p style=\"text-align: center;\"><a class=\"loison-link link-buy-online\" href=\"https:\/\/shop.loison.com\/fr\/categorie-produit\/biscuits-au-buerre\/les-ballotins\/\">aller \u00e0 la boutique en ligne<\/a><\/p>\n<p>[\/vc_column_text][\/vc_column][vc_column width=\u00a0\u00bb1\/3&Prime;][vc_single_image image=\u00a0\u00bb847&Prime; img_size=\u00a0\u00bbfull\u00a0\u00bb alignment=\u00a0\u00bbcenter\u00a0\u00bb css_animation=\u00a0\u00bbappear\u00a0\u00bb el_class=\u00a0\u00bbespositore-ufficio\u00a0\u00bb][vc_column_text css_animation=\u00a0\u00bbfadeInUp\u00a0\u00bb]<\/p>\n<p style=\"text-align: center; font-size: 30px;\">Les Pr\u00e9sentoirs<\/p>\n<p style=\"text-align: center;\">M052 Grande boite pr\u00e9sentoir en carton<br \/>\nM053 Petite boite pr\u00e9sentoir en carton<\/p>\n<p>[\/vc_column_text][\/vc_column][\/vc_row][vc_row disable_element=\u00a0\u00bbyes\u00a0\u00bb][vc_column width=\u00a0\u00bb1\/6&Prime; el_class=\u00a0\u00bbvuoto sensi-sx\u00a0\u00bb][\/vc_column][vc_column css_animation=\u00a0\u00bbfadeInUp\u00a0\u00bb width=\u00a0\u00bb2\/3&Prime; el_class=\u00a0\u00bbsensi-centro\u00a0\u00bb][vc_empty_space height=\u00a0\u00bb50px\u00a0\u00bb][vc_column_text]<\/p>\n<h4 style=\"text-align: center;\">Explorer tous nos biscuits<\/h4>\n<p>[\/vc_column_text][\/vc_column][\/vc_row][vc_row disable_element=\u00a0\u00bbyes\u00a0\u00bb][vc_column css_animation=\u00a0\u00bbappear\u00a0\u00bb width=\u00a0\u00bb1\/3&Prime; el_class=\u00a0\u00bbmeditazione-ball\u00a0\u00bb][vc_single_image image=\u00a0\u00bb770&Prime; img_size=\u00a0\u00bbfull\u00a0\u00bb alignment=\u00a0\u00bbcenter\u00a0\u00bb onclick=\u00a0\u00bbcustom_link\u00a0\u00bb link=\u00a0\u00bbhttps:\/\/old.biscottiloison.com\/fr\/biscuits-en-sachet-individuel-pour-le-the\/\u00a0\u00bb][vc_column_text el_class=\u00a0\u00bbbiscotti-home-text\u00a0\u00bb]<\/p>\n<h2 style=\"text-align: center;\">Biscuits pour le Th\u00e9<\/h2>\n<p style=\"text-align: center;\">Des ar\u00f4mes intrigants \u00e0 accorder avec th\u00e9s, tisanes et infusions.<\/p>\n<p>[\/vc_column_text][vc_single_image image=\u00a0\u00bb924&Prime; img_size=\u00a0\u00bbfull\u00a0\u00bb alignment=\u00a0\u00bbcenter\u00a0\u00bb onclick=\u00a0\u00bbcustom_link\u00a0\u00bb el_class=\u00a0\u00bbhome-plus\u00a0\u00bb link=\u00a0\u00bbhttps:\/\/old.biscottiloison.com\/fr\/biscuits-en-sachet-individuel-pour-le-the\/\u00a0\u00bb][\/vc_column][vc_column css_animation=\u00a0\u00bbappear\u00a0\u00bb width=\u00a0\u00bb1\/3&Prime; el_class=\u00a0\u00bbclassici-ball\u00a0\u00bb][vc_single_image image=\u00a0\u00bb767&Prime; img_size=\u00a0\u00bbfull\u00a0\u00bb alignment=\u00a0\u00bbcenter\u00a0\u00bb onclick=\u00a0\u00bbcustom_link\u00a0\u00bb link=\u00a0\u00bbhttps:\/\/old.biscottiloison.com\/fr\/biscuits-en-sachet-individuel-pour-le-cafe\/\u00a0\u00bb][vc_column_text el_class=\u00a0\u00bbbiscotti-home-text\u00a0\u00bb]<\/p>\n<h2 style=\"text-align: center;\">Biscuits pour le Caf\u00e9<\/h2>\n<p style=\"text-align: center;\">Du petit-d\u00e9jeuner \u00e0 la pause-caf\u00e9, des biscuits pour tous les gouts.<\/p>\n<p>[\/vc_column_text][vc_single_image image=\u00a0\u00bb924&Prime; img_size=\u00a0\u00bbfull\u00a0\u00bb alignment=\u00a0\u00bbcenter\u00a0\u00bb onclick=\u00a0\u00bbcustom_link\u00a0\u00bb el_class=\u00a0\u00bbhome-plus\u00a0\u00bb link=\u00a0\u00bbhttps:\/\/old.biscottiloison.com\/fr\/biscuits-en-sachet-individuel-pour-le-cafe\/\u00a0\u00bb][\/vc_column][vc_column css_animation=\u00a0\u00bbappear\u00a0\u00bb width=\u00a0\u00bb1\/3&Prime; el_class=\u00a0\u00bbfrutta-ball\u00a0\u00bb][vc_single_image image=\u00a0\u00bb764&Prime; img_size=\u00a0\u00bbfull\u00a0\u00bb alignment=\u00a0\u00bbcenter\u00a0\u00bb onclick=\u00a0\u00bbcustom_link\u00a0\u00bb link=\u00a0\u00bbhttps:\/\/old.biscottiloison.com\/fr\/biscuits-aux-fruits\/\u00a0\u00bb][vc_column_text el_class=\u00a0\u00bbbiscotti-home-text\u00a0\u00bb]<\/p>\n<h2 style=\"text-align: center;\">Biscuits pour l&rsquo;Ap\u00e9ritif<\/h2>\n<p style=\"text-align: center;\">Des biscuits parfum\u00e9s, avec un verre de vin ou un jus.<\/p>\n<p>[\/vc_column_text][vc_single_image image=\u00a0\u00bb924&Prime; img_size=\u00a0\u00bbfull\u00a0\u00bb alignment=\u00a0\u00bbcenter\u00a0\u00bb onclick=\u00a0\u00bbcustom_link\u00a0\u00bb el_class=\u00a0\u00bbhome-plus\u00a0\u00bb link=\u00a0\u00bbhttps:\/\/old.biscottiloison.com\/fr\/biscuits-aux-fruits\/\u00a0\u00bb][\/vc_column][\/vc_row][vc_row][vc_column][vc_column_text]\n\t\t\t\t\t<div class=\"shop-online-professional\">\n\t\t\t\t\t<h2 class=\"studio375anim packaging-title-2 wpb_animate_when_almost_visible wpb_fadeInUp fadeInUp\">Pas que des biscuits... d\u00e9couvrez nos d\u00e9lices en portion individuelle:<\/h2>\n\t\t\t\t\t\t<ul class=\"packaging-list\"><li><img decoding=\"async\" class=\"studio375anim wpb_animate_when_almost_visible wpb_appear appear\" src=\"https:\/\/old.biscottiloison.com\/wp-content\/uploads\/2023\/07\/astucci-biscotti.png\" \/><span class=\"studio375anim wpb_animate_when_almost_visible wpb_fadeInUp fadeInUp\">Ballotin 200g<\/span><a target=\"_blank\" class=\"loison-link link-buy-online studio375anim wpb_animate_when_almost_visible wpb_fadeInUp fadeInUp\" href=\"https:\/\/shop.loison.com\/fr\/coffret-biscuits\/\">l'acheter en ligne<\/a><\/li><li><img decoding=\"async\" class=\"studio375anim wpb_animate_when_almost_visible wpb_appear appear\" src=\"https:\/\/old.biscottiloison.com\/wp-content\/uploads\/2023\/07\/lattine-biscotti-piccole.png\" \/><span class=\"studio375anim wpb_animate_when_almost_visible wpb_fadeInUp fadeInUp\">Bo\u00eete 120g<\/span><a target=\"_blank\" class=\"loison-link link-buy-online studio375anim wpb_animate_when_almost_visible wpb_fadeInUp fadeInUp\" href=\"https:\/\/shop.loison.com\/fr\/biscuit-boite-metal\/\">l'acheter en ligne<\/a><\/li><li><img decoding=\"async\" class=\"studio375anim wpb_animate_when_almost_visible wpb_appear appear\" src=\"https:\/\/old.biscottiloison.com\/wp-content\/uploads\/2023\/07\/latte-biscotti-grandi.png\" \/><span class=\"studio375anim wpb_animate_when_almost_visible wpb_fadeInUp fadeInUp\">Bo\u00eete 280g<\/span><a target=\"_blank\" class=\"loison-link link-buy-online studio375anim wpb_animate_when_almost_visible wpb_fadeInUp fadeInUp\" href=\"https:\/\/shop.loison.com\/fr\/biscuit-boite-metal\/\">l'acheter en ligne<\/a><\/li><li><img decoding=\"async\" class=\"studio375anim wpb_animate_when_almost_visible wpb_appear appear\" src=\"https:\/\/old.biscottiloison.com\/wp-content\/uploads\/2023\/07\/bustina-biscotti-tisane-tutte.png\" \/><span class=\"studio375anim wpb_animate_when_almost_visible wpb_fadeInUp fadeInUp\">Pochettes 120g<\/span><a target=\"_blank\" class=\"loison-link link-buy-online studio375anim wpb_animate_when_almost_visible wpb_fadeInUp fadeInUp\" href=\"https:\/\/shop.loison.com\/fr\/coffret-biscuits\/\">l'acheter en ligne<\/a><\/li><li><img decoding=\"async\" class=\"studio375anim wpb_animate_when_almost_visible wpb_appear appear\" src=\"https:\/\/old.biscottiloison.com\/wp-content\/uploads\/2023\/07\/shopper-biscotti-loison.png\" \/><span class=\"studio375anim wpb_animate_when_almost_visible wpb_fadeInUp fadeInUp\">Shopper 280g - 500g<\/span><a target=\"_blank\" class=\"loison-link link-buy-online studio375anim wpb_animate_when_almost_visible wpb_fadeInUp fadeInUp\" href=\"https:\/\/shop.loison.com\/fr\/biscuit-sachet-individuel\/\">l'acheter en ligne<\/a><\/li><\/ul>[\/vc_column_text][\/vc_column][\/vc_row]<\/p>\n","protected":false},"excerpt":{"rendered":"<p>[vc_row full_height=\u00a0\u00bbyes\u00a0\u00bb equal_height=\u00a0\u00bbyes\u00a0\u00bb content_placement=\u00a0\u00bbmiddle\u00a0\u00bb][vc_column width=\u00a0\u00bb1\/2&Prime;][vc_single_image image=\u00a0\u00bb892&Prime; img_size=\u00a0\u00bbfull\u00a0\u00bb css_animation=\u00a0\u00bbappear\u00a0\u00bb el_class=\u00a0\u00bbservizi-main-image\u00a0\u00bb][\/vc_column][vc_column width=\u00a0\u00bb1\/12&Prime; el_class=\u00a0\u00bbvuoto\u00a0\u00bb][\/vc_column][vc_column width=\u00a0\u00bb5\/12&Prime;][vc_column_text css_animation=\u00a0\u00bbfadeInUp\u00a0\u00bb] SERVICES Surprenez vos clients OFFREZ UN MOMENT DE PLAISIR Les petits g\u00e2teaux au beurre Loison sont une attention suppl\u00e9mentaire pour le client, parfaits dans tous les milieux professionnels. Banques, cabinets juridiques, assurances mais aussi centres de bien\u00eatre, SPA et coiffeurs. Les biscuits [&hellip;]<\/p>\n","protected":false},"author":2,"featured_media":0,"parent":0,"menu_order":0,"comment_status":"closed","ping_status":"closed","template":"","meta":{"inline_featured_image":false,"footnotes":""},"class_list":["post-2723","page","type-page","status-publish","hentry","entry"],"acf":[],"yoast_head":"<!-- This site is optimized with the Yoast SEO plugin v20.10 - https:\/\/yoast.com\/wordpress\/plugins\/seo\/ -->\n<title>Biscuits en sachet individuel pour milieux professionnels - Biscotti Loison<\/title>\n<meta name=\"description\" content=\"Les petits g\u00e2teaux au beurre Loison sont une attention suppl\u00e9mentaire pour le client, parfaits dans tous les milieux professionnels.\" \/>\n<meta name=\"robots\" content=\"noindex, follow, max-snippet:-1, max-image-preview:large, max-video-preview:-1\" \/>\n<meta property=\"og:locale\" content=\"fr_FR\" \/>\n<meta property=\"og:type\" content=\"article\" \/>\n<meta property=\"og:title\" content=\"Biscuits en sachet individuel pour milieux professionnels - Biscotti Loison\" \/>\n<meta property=\"og:description\" content=\"Les petits g\u00e2teaux au beurre Loison sont une attention suppl\u00e9mentaire pour le client, parfaits dans tous les milieux professionnels.\" \/>\n<meta property=\"og:url\" content=\"https:\/\/biscottiloison.com\/fr\/biscuits-en-sachet-individuel-pour-milieux-professionnels\/\" \/>\n<meta property=\"og:site_name\" content=\"Biscotti Loison\" \/>\n<meta property=\"article:modified_time\" content=\"2023-07-11T15:39:48+00:00\" \/>\n<meta property=\"og:image\" content=\"https:\/\/biscottiloison.com\/wp-content\/uploads\/2019\/03\/biscotteria-burro-Loison-professionisti.jpg\" \/>\n\t<meta property=\"og:image:width\" content=\"803\" \/>\n\t<meta property=\"og:image:height\" content=\"530\" \/>\n\t<meta property=\"og:image:type\" content=\"image\/jpeg\" \/>\n<meta name=\"twitter:card\" content=\"summary_large_image\" \/>\n<meta name=\"twitter:label1\" content=\"Dur\u00e9e de lecture estim\u00e9e\" \/>\n\t<meta name=\"twitter:data1\" content=\"3 minutes\" \/>\n<script type=\"application\/ld+json\" class=\"yoast-schema-graph\">{\"@context\":\"https:\/\/schema.org\",\"@graph\":[{\"@type\":\"WebPage\",\"@id\":\"https:\/\/biscottiloison.com\/fr\/biscuits-en-sachet-individuel-pour-milieux-professionnels\/\",\"url\":\"https:\/\/biscottiloison.com\/fr\/biscuits-en-sachet-individuel-pour-milieux-professionnels\/\",\"name\":\"Biscuits en sachet individuel pour milieux professionnels - Biscotti Loison\",\"isPartOf\":{\"@id\":\"https:\/\/old.biscottiloison.com\/#website\"},\"datePublished\":\"2019-03-24T10:44:05+00:00\",\"dateModified\":\"2023-07-11T15:39:48+00:00\",\"description\":\"Les petits g\u00e2teaux au beurre Loison sont une attention suppl\u00e9mentaire pour le client, parfaits dans tous les milieux professionnels.\",\"breadcrumb\":{\"@id\":\"https:\/\/biscottiloison.com\/fr\/biscuits-en-sachet-individuel-pour-milieux-professionnels\/#breadcrumb\"},\"inLanguage\":\"fr-FR\",\"potentialAction\":[{\"@type\":\"ReadAction\",\"target\":[\"https:\/\/biscottiloison.com\/fr\/biscuits-en-sachet-individuel-pour-milieux-professionnels\/\"]}]},{\"@type\":\"BreadcrumbList\",\"@id\":\"https:\/\/biscottiloison.com\/fr\/biscuits-en-sachet-individuel-pour-milieux-professionnels\/#breadcrumb\",\"itemListElement\":[{\"@type\":\"ListItem\",\"position\":1,\"name\":\"Home\",\"item\":\"https:\/\/biscottiloison.com\/fr\/\"},{\"@type\":\"ListItem\",\"position\":2,\"name\":\"Services\"}]},{\"@type\":\"WebSite\",\"@id\":\"https:\/\/old.biscottiloison.com\/#website\",\"url\":\"https:\/\/old.biscottiloison.com\/\",\"name\":\"Biscotti Loison\",\"description\":\"\",\"potentialAction\":[{\"@type\":\"SearchAction\",\"target\":{\"@type\":\"EntryPoint\",\"urlTemplate\":\"https:\/\/old.biscottiloison.com\/?s={search_term_string}\"},\"query-input\":\"required name=search_term_string\"}],\"inLanguage\":\"fr-FR\"}]}<\/script>\n<!-- \/ Yoast SEO plugin. -->","yoast_head_json":{"title":"Biscuits en sachet individuel pour milieux professionnels - Biscotti Loison","description":"Les petits g\u00e2teaux au beurre Loison sont une attention suppl\u00e9mentaire pour le client, parfaits dans tous les milieux professionnels.","robots":{"index":"noindex","follow":"follow","max-snippet":"max-snippet:-1","max-image-preview":"max-image-preview:large","max-video-preview":"max-video-preview:-1"},"og_locale":"fr_FR","og_type":"article","og_title":"Biscuits en sachet individuel pour milieux professionnels - Biscotti Loison","og_description":"Les petits g\u00e2teaux au beurre Loison sont une attention suppl\u00e9mentaire pour le client, parfaits dans tous les milieux professionnels.","og_url":"https:\/\/biscottiloison.com\/fr\/biscuits-en-sachet-individuel-pour-milieux-professionnels\/","og_site_name":"Biscotti Loison","article_modified_time":"2023-07-11T15:39:48+00:00","og_image":[{"width":803,"height":530,"url":"https:\/\/biscottiloison.com\/wp-content\/uploads\/2019\/03\/biscotteria-burro-Loison-professionisti.jpg","type":"image\/jpeg"}],"twitter_card":"summary_large_image","twitter_misc":{"Dur\u00e9e de lecture estim\u00e9e":"3 minutes"},"schema":{"@context":"https:\/\/schema.org","@graph":[{"@type":"WebPage","@id":"https:\/\/biscottiloison.com\/fr\/biscuits-en-sachet-individuel-pour-milieux-professionnels\/","url":"https:\/\/biscottiloison.com\/fr\/biscuits-en-sachet-individuel-pour-milieux-professionnels\/","name":"Biscuits en sachet individuel pour milieux professionnels - Biscotti Loison","isPartOf":{"@id":"https:\/\/old.biscottiloison.com\/#website"},"datePublished":"2019-03-24T10:44:05+00:00","dateModified":"2023-07-11T15:39:48+00:00","description":"Les petits g\u00e2teaux au beurre Loison sont une attention suppl\u00e9mentaire pour le client, parfaits dans tous les milieux professionnels.","breadcrumb":{"@id":"https:\/\/biscottiloison.com\/fr\/biscuits-en-sachet-individuel-pour-milieux-professionnels\/#breadcrumb"},"inLanguage":"fr-FR","potentialAction":[{"@type":"ReadAction","target":["https:\/\/biscottiloison.com\/fr\/biscuits-en-sachet-individuel-pour-milieux-professionnels\/"]}]},{"@type":"BreadcrumbList","@id":"https:\/\/biscottiloison.com\/fr\/biscuits-en-sachet-individuel-pour-milieux-professionnels\/#breadcrumb","itemListElement":[{"@type":"ListItem","position":1,"name":"Home","item":"https:\/\/biscottiloison.com\/fr\/"},{"@type":"ListItem","position":2,"name":"Services"}]},{"@type":"WebSite","@id":"https:\/\/old.biscottiloison.com\/#website","url":"https:\/\/old.biscottiloison.com\/","name":"Biscotti Loison","description":"","potentialAction":[{"@type":"SearchAction","target":{"@type":"EntryPoint","urlTemplate":"https:\/\/old.biscottiloison.com\/?s={search_term_string}"},"query-input":"required name=search_term_string"}],"inLanguage":"fr-FR"}]}},"_links":{"self":[{"href":"https:\/\/old.biscottiloison.com\/fr\/wp-json\/wp\/v2\/pages\/2723","targetHints":{"allow":["GET"]}}],"collection":[{"href":"https:\/\/old.biscottiloison.com\/fr\/wp-json\/wp\/v2\/pages"}],"about":[{"href":"https:\/\/old.biscottiloison.com\/fr\/wp-json\/wp\/v2\/types\/page"}],"author":[{"embeddable":true,"href":"https:\/\/old.biscottiloison.com\/fr\/wp-json\/wp\/v2\/users\/2"}],"replies":[{"embeddable":true,"href":"https:\/\/old.biscottiloison.com\/fr\/wp-json\/wp\/v2\/comments?post=2723"}],"version-history":[{"count":1,"href":"https:\/\/old.biscottiloison.com\/fr\/wp-json\/wp\/v2\/pages\/2723\/revisions"}],"predecessor-version":[{"id":4032,"href":"https:\/\/old.biscottiloison.com\/fr\/wp-json\/wp\/v2\/pages\/2723\/revisions\/4032"}],"wp:attachment":[{"href":"https:\/\/old.biscottiloison.com\/fr\/wp-json\/wp\/v2\/media?parent=2723"}],"curies":[{"name":"wp","href":"https:\/\/api.w.org\/{rel}","templated":true}]}}